{"id":41,"date":"2020-05-02T19:46:36","date_gmt":"2020-05-02T19:46:36","guid":{"rendered":"https:\/\/www.jsart.website\/?page_id=41"},"modified":"2020-05-30T10:28:07","modified_gmt":"2020-05-30T10:28:07","slug":"portada-jsart","status":"publish","type":"page","link":"https:\/\/www.jsart.website\/","title":{"rendered":"Inicio-pagina principal"},"content":{"rendered":"\t\t<div data-elementor-type=\"wp-page\" data-elementor-id=\"41\" class=\"elementor elementor-41\">\n\t\t\t\t\t\t<section class=\"elementor-section elementor-top-section elementor-element elementor-element-34420d1c elementor-section-content-middle elementor-section-height-full elementor-section-full_width elementor-section-items-top elementor-section-height-default\" data-id=\"34420d1c\" data-element_type=\"section\" data-settings=\"{&quot;background_background&quot;:&quot;classic&quot;,&quot;animation&quot;:&quot;none&quot;}\">\n\t\t\t\t\t\t\t<div class=\"elementor-background-overlay\"><\/div>\n\t\t\t\t\t\t\t<div class=\"elementor-container elementor-column-gap-no\">\n\t\t\t\t\t<div class=\"elementor-column elementor-col-100 elementor-top-column elementor-element elementor-element-c670d8b\" data-id=\"c670d8b\" data-element_type=\"column\" data-settings=\"{&quot;background_background&quot;:&quot;classic&quot;}\">\n\t\t\t<div class=\"elementor-widget-wrap elementor-element-populated\">\n\t\t\t\t\t\t<div class=\"elementor-element elementor-element-af6966f elementor-hidden-phone elementor-widget elementor-widget-text-editor\" data-id=\"af6966f\" data-element_type=\"widget\" data-widget_type=\"text-editor.default\">\n\t\t\t\t<div class=\"elementor-widget-container\">\n\t\t\t\t\t\t\t<p>\u00abYo no evoluciono, yo soy.En el arte, no hay pasado, ni futuro.El arte que no est\u00e1 en el presente no ser\u00e1 jam\u00e1s\u00bb.<\/p>\n<p>&nbsp; &nbsp; &nbsp; &nbsp; &nbsp; &nbsp; &nbsp; &nbsp; &nbsp; &nbsp; &nbsp; &nbsp; &nbsp; &nbsp; &nbsp; &nbsp; &nbsp; &nbsp; &nbsp; &nbsp; &nbsp; &nbsp; &nbsp; &nbsp; &nbsp; &nbsp; &nbsp; &nbsp; &nbsp; &nbsp; &nbsp; &nbsp; &nbsp; &nbsp; &nbsp; &nbsp; &nbsp; &nbsp; &nbsp; &nbsp; &nbsp; &nbsp; &nbsp; &nbsp; &nbsp; &nbsp; &nbsp; &nbsp; &nbsp; &nbsp; &nbsp; &nbsp; &nbsp; &nbsp; &nbsp; &nbsp; &nbsp; &nbsp; &nbsp; &nbsp; &nbsp; &nbsp; &nbsp; &nbsp; &nbsp; &nbsp; &nbsp; &nbsp; &nbsp; &nbsp; &nbsp; &nbsp; &nbsp; &nbsp; &nbsp; &nbsp; &nbsp; &nbsp; &nbsp; &nbsp; &nbsp; &nbsp; &nbsp; &nbsp; &nbsp; &nbsp; Pablo Picasso.<\/p>\t\t\t\t\t\t<\/div>\n\t\t\t\t<\/div>\n\t\t\t\t\t<\/div>\n\t\t<\/div>\n\t\t\t\t\t<\/div>\n\t\t<\/section>\n\t\t\t\t<section class=\"elementor-section elementor-top-section elementor-element elementor-element-235d8757 elementor-section-content-middle elementor-section-height-full elementor-section-boxed elementor-section-height-default elementor-section-items-middle\" data-id=\"235d8757\" data-element_type=\"section\" data-settings=\"{&quot;background_background&quot;:&quot;classic&quot;}\">\n\t\t\t\t\t\t<div class=\"elementor-container elementor-column-gap-no\">\n\t\t\t\t\t<div class=\"elementor-column elementor-col-50 elementor-top-column elementor-element elementor-element-16bb12f8\" data-id=\"16bb12f8\" data-element_type=\"column\">\n\t\t\t<div class=\"elementor-widget-wrap elementor-element-populated\">\n\t\t\t\t\t\t<div class=\"elementor-element elementor-element-f903540 elementor-widget elementor-widget-text-editor\" data-id=\"f903540\" data-element_type=\"widget\" data-widget_type=\"text-editor.default\">\n\t\t\t\t<div class=\"elementor-widget-container\">\n\t\t\t\t\t\t\t<p>JS art\u00a0<\/p><p>Tras una larga saga de anticuarios, Juan Salas, con una carrera de dedicaci\u00f3n, esfuerzo y responsabilidad, inicia un nuevo proyecto: la apertura de JS art, una galer\u00eda de arte antiguo, situada en el centro de Madrid, zona de referencia en el arte y coleccionismo.<\/p><p>JS art abr\u00edo su galer\u00eda en C\/ Carnero 6 en el 2010, incorporando un nuevo establecimiento contiguo situado en C\/ Carlos Arniches 11 en el 2017, en el cual se realizan de forma continuada diversas exposiciones y se exhiben nuevas adquisiciones, estimulando con ello el flujo de visitas de anticuarios y mecenas.<\/p><p>En nuestras galer\u00edas puede ver arte de alta \u00e9poca de diferentes per\u00edodos y escuelas, especializ\u00e1ndonos<\/p><p>en escultura renacentista y en el barroco pict\u00f3rico espa\u00f1ol.<\/p>\t\t\t\t\t\t<\/div>\n\t\t\t\t<\/div>\n\t\t\t\t<section class=\"elementor-section elementor-inner-section elementor-element elementor-element-12c14d8d elementor-section-content-middle elementor-section-boxed elementor-section-height-default elementor-section-height-default\" data-id=\"12c14d8d\" data-element_type=\"section\">\n\t\t\t\t\t\t<div class=\"elementor-container elementor-column-gap-no\">\n\t\t\t\t\t<div class=\"elementor-column elementor-col-100 elementor-inner-column elementor-element elementor-element-67ab94af\" data-id=\"67ab94af\" data-element_type=\"column\">\n\t\t\t<div class=\"elementor-widget-wrap\">\n\t\t\t\t\t\t\t<\/div>\n\t\t<\/div>\n\t\t\t\t\t<\/div>\n\t\t<\/section>\n\t\t\t\t\t<\/div>\n\t\t<\/div>\n\t\t\t\t<div class=\"elementor-column elementor-col-50 elementor-top-column elementor-element elementor-element-0cef747\" data-id=\"0cef747\" data-element_type=\"column\">\n\t\t\t<div class=\"elementor-widget-wrap elementor-element-populated\">\n\t\t\t\t\t\t<div class=\"elementor-element elementor-element-06f7f34 elementor-widget elementor-widget-text-editor\" data-id=\"06f7f34\" data-element_type=\"widget\" data-widget_type=\"text-editor.default\">\n\t\t\t\t<div class=\"elementor-widget-container\">\n\t\t\t\t\t\t\t<p><span style=\"font-size: 15px;\">\u00a0<\/span><span style=\"font-size: 15px; letter-spacing: 0px;\">\u00a0<\/span><span style=\"font-size: 15px; letter-spacing: 0px;\">JS art es reconocido por su seriedad, seguimiento incesante del coleccionismo\u00a0 y por la recuperaci\u00f3n de bienes de inter\u00e9s cultural: llevando a cabo m\u00faltiples intervenciones de restauraci\u00f3n y estudio.<\/span><\/p><p><span style=\"font-size: 15px;\">\u00a0<\/span><\/p><p><span style=\"font-size: 15px;\">As\u00ed mismo, apoya y colabora con pr\u00e9stamos para exposiciones de instituciones o museos, como el Museo Naval de Madrid.<\/span><\/p><p><span style=\"font-size: 15px;\">\u00a0<\/span><\/p><p><span style=\"font-size: 15px;\">\u00a0<\/span><span style=\"font-size: 15px; letter-spacing: 0px;\">Siguiendo con nuestro compromiso profesional, hemos trabajado para aumentar y mejorar colecciones privadas de \u00e1mbito nacional e internacional, e instituciones de importancia y prestigio como M.N.E. (Valladolid) e INSTITUTE OF OLD MASTERS RESEARCH.<\/span><\/p>\t\t\t\t\t\t<\/div>\n\t\t\t\t<\/div>\n\t\t\t\t\t<\/div>\n\t\t<\/div>\n\t\t\t\t\t<\/div>\n\t\t<\/section>\n\t\t\t\t<section class=\"elementor-section elementor-top-section elementor-element elementor-element-3d748a9 elementor-section-height-min-height elementor-section-boxed elementor-section-height-default elementor-section-items-middle\" data-id=\"3d748a9\" data-element_type=\"section\" data-settings=\"{&quot;background_background&quot;:&quot;classic&quot;}\">\n\t\t\t\t\t\t<div class=\"elementor-container elementor-column-gap-wide\">\n\t\t\t\t\t<div class=\"elementor-column elementor-col-100 elementor-top-column elementor-element elementor-element-e65e1e8\" data-id=\"e65e1e8\" data-element_type=\"column\">\n\t\t\t<div class=\"elementor-widget-wrap elementor-element-populated\">\n\t\t\t\t\t\t<div class=\"elementor-element elementor-element-04b393b elementor-widget elementor-widget-image\" data-id=\"04b393b\" data-element_type=\"widget\" data-widget_type=\"image.default\">\n\t\t\t\t<div class=\"elementor-widget-container\">\n\t\t\t\t\t\t\t\t\t\t\t\t\t<img fetchpriority=\"high\" decoding=\"async\" width=\"2048\" height=\"1361\" src=\"https:\/\/www.jsart.website\/wp-content\/uploads\/2020\/05\/detalle-de-mano-de-virgen-2048x1361.jpg\" class=\"attachment-2048x2048 size-2048x2048 wp-image-386\" alt=\"\" srcset=\"https:\/\/www.jsart.website\/wp-content\/uploads\/2020\/05\/detalle-de-mano-de-virgen-2048x1361.jpg 2048w, https:\/\/www.jsart.website\/wp-content\/uploads\/2020\/05\/detalle-de-mano-de-virgen-scaled-600x399.jpg 600w, https:\/\/www.jsart.website\/wp-content\/uploads\/2020\/05\/detalle-de-mano-de-virgen-300x199.jpg 300w, https:\/\/www.jsart.website\/wp-content\/uploads\/2020\/05\/detalle-de-mano-de-virgen-1024x681.jpg 1024w, https:\/\/www.jsart.website\/wp-content\/uploads\/2020\/05\/detalle-de-mano-de-virgen-768x510.jpg 768w, https:\/\/www.jsart.website\/wp-content\/uploads\/2020\/05\/detalle-de-mano-de-virgen-1536x1021.jpg 1536w\" sizes=\"(max-width: 2048px) 100vw, 2048px\" \/>\t\t\t\t\t\t\t\t\t\t\t\t\t<\/div>\n\t\t\t\t<\/div>\n\t\t\t\t<div class=\"elementor-element elementor-element-6b6ea6a elementor-align-center elementor-widget elementor-widget-button\" data-id=\"6b6ea6a\" data-element_type=\"widget\" data-widget_type=\"button.default\">\n\t\t\t\t<div class=\"elementor-widget-container\">\n\t\t\t\t\t<div class=\"elementor-button-wrapper\">\n\t\t\t<a class=\"elementor-button elementor-button-link elementor-size-sm elementor-animation-grow\" href=\"https:\/\/www.jsart.website\/index.php\/galeria\/\">\n\t\t\t\t\t\t<span class=\"elementor-button-content-wrapper\">\n\t\t\t\t\t\t\t\t\t<span class=\"elementor-button-text\">Galer\u00eda<\/span>\n\t\t\t\t\t<\/span>\n\t\t\t\t\t<\/a>\n\t\t<\/div>\n\t\t\t\t<\/div>\n\t\t\t\t<\/div>\n\t\t\t\t\t<\/div>\n\t\t<\/div>\n\t\t\t\t\t<\/div>\n\t\t<\/section>\n\t\t\t\t<section class=\"elementor-section elementor-top-section elementor-element elementor-element-45dbe46 elementor-section-content-middle elementor-section-full_width elementor-section-height-default elementor-section-height-default\" data-id=\"45dbe46\" data-element_type=\"section\" data-settings=\"{&quot;background_background&quot;:&quot;classic&quot;}\">\n\t\t\t\t\t\t<div class=\"elementor-container elementor-column-gap-no\">\n\t\t\t\t\t<div class=\"elementor-column elementor-col-100 elementor-top-column elementor-element elementor-element-2d4bc4ef\" data-id=\"2d4bc4ef\" data-element_type=\"column\">\n\t\t\t<div class=\"elementor-widget-wrap elementor-element-populated\">\n\t\t\t\t\t\t<div class=\"elementor-element elementor-element-271f456b elementor-align-center elementor-widget elementor-widget-button\" data-id=\"271f456b\" data-element_type=\"widget\" data-settings=\"{&quot;_animation&quot;:&quot;none&quot;}\" data-widget_type=\"button.default\">\n\t\t\t\t<div class=\"elementor-widget-container\">\n\t\t\t\t\t<div class=\"elementor-button-wrapper\">\n\t\t\t<a class=\"elementor-button elementor-button-link elementor-size-sm elementor-animation-grow\" href=\"https:\/\/www.jsart.website\/index.php\/categoria-producto\/obra-escultorica\/\">\n\t\t\t\t\t\t<span class=\"elementor-button-content-wrapper\">\n\t\t\t\t\t\t\t\t\t<span class=\"elementor-button-text\">Obra escultorica<\/span>\n\t\t\t\t\t<\/span>\n\t\t\t\t\t<\/a>\n\t\t<\/div>\n\t\t\t\t<\/div>\n\t\t\t\t<\/div>\n\t\t\t\t\t<\/div>\n\t\t<\/div>\n\t\t\t\t\t<\/div>\n\t\t<\/section>\n\t\t\t\t<section class=\"elementor-section elementor-top-section elementor-element elementor-element-69fc4b60 elementor-section-content-middle elementor-section-full_width elementor-section-height-default elementor-section-height-default\" data-id=\"69fc4b60\" data-element_type=\"section\" data-settings=\"{&quot;background_background&quot;:&quot;classic&quot;}\">\n\t\t\t\t\t\t<div class=\"elementor-container elementor-column-gap-no\">\n\t\t\t\t\t<div class=\"elementor-column elementor-col-100 elementor-top-column elementor-element elementor-element-53be3f89\" data-id=\"53be3f89\" data-element_type=\"column\">\n\t\t\t<div class=\"elementor-widget-wrap elementor-element-populated\">\n\t\t\t\t\t\t<div class=\"elementor-element elementor-element-6fe73011 elementor-align-center elementor-widget elementor-widget-button\" data-id=\"6fe73011\" data-element_type=\"widget\" data-widget_type=\"button.default\">\n\t\t\t\t<div class=\"elementor-widget-container\">\n\t\t\t\t\t<div class=\"elementor-button-wrapper\">\n\t\t\t<a class=\"elementor-button elementor-button-link elementor-size-sm elementor-animation-grow\" href=\"https:\/\/www.jsart.website\/index.php\/categoria-producto\/obra-pictorica\/\">\n\t\t\t\t\t\t<span class=\"elementor-button-content-wrapper\">\n\t\t\t\t\t\t\t\t\t<span class=\"elementor-button-text\">Obra pict\u00f3rica<\/span>\n\t\t\t\t\t<\/span>\n\t\t\t\t\t<\/a>\n\t\t<\/div>\n\t\t\t\t<\/div>\n\t\t\t\t<\/div>\n\t\t\t\t\t<\/div>\n\t\t<\/div>\n\t\t\t\t\t<\/div>\n\t\t<\/section>\n\t\t\t\t<section class=\"elementor-section elementor-top-section elementor-element elementor-element-49d6d644 elementor-section-content-middle elementor-section-boxed elementor-section-height-default elementor-section-height-default\" data-id=\"49d6d644\" data-element_type=\"section\">\n\t\t\t\t\t\t<div class=\"elementor-container elementor-column-gap-no\">\n\t\t\t\t\t<div class=\"elementor-column elementor-col-100 elementor-top-column elementor-element elementor-element-1092d558\" data-id=\"1092d558\" data-element_type=\"column\">\n\t\t\t<div class=\"elementor-widget-wrap elementor-element-populated\">\n\t\t\t\t\t\t<div class=\"elementor-element elementor-element-5816e4a0 elementor-widget elementor-widget-text-editor\" data-id=\"5816e4a0\" data-element_type=\"widget\" data-widget_type=\"text-editor.default\">\n\t\t\t\t<div class=\"elementor-widget-container\">\n\t\t\t\t\t\t\t<p>Para presupuestos, preguntas e informaci\u00f3n sobre las piezas, contacte<\/p><p><span style=\"font-size: 15px;\">con nosotros v\u00eda e-mail o telef\u00f3nicamente.<\/span><\/p><p><span style=\"font-size: 15px;\">Tambi\u00e9n pueden visitar nuestra galer\u00eda de arte.<\/span><\/p><p><span style=\"font-size: 15px;\">Ser\u00e1 un placer conocerles.\u00a0<\/span><\/p>\t\t\t\t\t\t<\/div>\n\t\t\t\t<\/div>\n\t\t\t\t<section class=\"elementor-section elementor-inner-section elementor-element elementor-element-6967b2a5 elementor-section-content-middle elementor-section-boxed elementor-section-height-default elementor-section-height-default\" data-id=\"6967b2a5\" data-element_type=\"section\">\n\t\t\t\t\t\t<div class=\"elementor-container elementor-column-gap-no\">\n\t\t\t\t\t<div class=\"elementor-column elementor-col-100 elementor-inner-column elementor-element elementor-element-4174c28d\" data-id=\"4174c28d\" data-element_type=\"column\">\n\t\t\t<div class=\"elementor-widget-wrap elementor-element-populated\">\n\t\t\t\t\t\t<div class=\"elementor-element elementor-element-782fef85 elementor-align-center elementor-widget elementor-widget-button\" data-id=\"782fef85\" data-element_type=\"widget\" data-widget_type=\"button.default\">\n\t\t\t\t<div class=\"elementor-widget-container\">\n\t\t\t\t\t<div class=\"elementor-button-wrapper\">\n\t\t\t<a class=\"elementor-button elementor-button-link elementor-size-sm elementor-animation-grow\" href=\"https:\/\/www.jsart.website\/index.php\/contacto\/\">\n\t\t\t\t\t\t<span class=\"elementor-button-content-wrapper\">\n\t\t\t\t\t\t\t\t\t<span class=\"elementor-button-text\">Ver m\u00e1s<\/span>\n\t\t\t\t\t<\/span>\n\t\t\t\t\t<\/a>\n\t\t<\/div>\n\t\t\t\t<\/div>\n\t\t\t\t<\/div>\n\t\t\t\t\t<\/div>\n\t\t<\/div>\n\t\t\t\t\t<\/div>\n\t\t<\/section>\n\t\t\t\t\t<\/div>\n\t\t<\/div>\n\t\t\t\t\t<\/div>\n\t\t<\/section>\n\t\t\t\t<\/div>\n\t\t","protected":false},"excerpt":{"rendered":"<p>\u00abYo no evoluciono, yo soy.En el arte, no hay pasado, ni futuro.El arte que no est\u00e1 en el presente no ser\u00e1 jam\u00e1s\u00bb. &nbsp; &nbsp; &nbsp; &nbsp; &nbsp; &nbsp; &nbsp; &nbsp; &nbsp; &nbsp; &nbsp; &nbsp; &nbsp; &nbsp; &nbsp; &nbsp; &nbsp; &nbsp; &nbsp; &nbsp; &nbsp; &nbsp; &nbsp; &nbsp; &nbsp; &nbsp; &nbsp; &nbsp; &nbsp; &nbsp; &nbsp; &nbsp; &nbsp; &hellip;<\/p>\n<p class=\"read-more\"> <a class=\"\" href=\"https:\/\/www.jsart.website\/\"> <span class=\"screen-reader-text\">Inicio-pagina principal<\/span> Leer m\u00e1s &raquo;<\/a><\/p>\n","protected":false},"author":1,"featured_media":0,"parent":0,"menu_order":0,"comment_status":"closed","ping_status":"closed","template":"","meta":{"footnotes":""},"class_list":["post-41","page","type-page","status-publish","hentry"],"yoast_head":"<!-- This site is optimized with the Yoast SEO plugin v14.2 - https:\/\/yoast.com\/wordpress\/plugins\/seo\/ -->\n<title>JS art \u3010Galer\u00eda de obras de arte\u3011<\/title>\n<meta name=\"description\" content=\"Galer\u00eda de arte antiguo centrada en el hallazgo, adquisici\u00f3n y comercializaci\u00f3n de obras de arte. JS art, anticuario establecido en Madrid, \u3010Espa\u00f1a\u3011.\" \/>\n<meta name=\"robots\" content=\"index, follow\" \/>\n<meta name=\"googlebot\" content=\"index, follow, max-snippet:-1, max-image-preview:large, max-video-preview:-1\" \/>\n<meta name=\"bingbot\" content=\"index, follow, max-snippet:-1, max-image-preview:large, max-video-preview:-1\" \/>\n<link rel=\"canonical\" href=\"https:\/\/www.jsart.website\/\" \/>\n<meta property=\"og:locale\" content=\"es_ES\" \/>\n<meta property=\"og:type\" content=\"article\" \/>\n<meta property=\"og:title\" content=\"JS art \u3010Galer\u00eda de obras de arte\u3011\" \/>\n<meta property=\"og:description\" content=\"Galer\u00eda de arte antiguo centrada en el hallazgo, adquisici\u00f3n y comercializaci\u00f3n de obras de arte. JS art, anticuario establecido en Madrid, \u3010Espa\u00f1a\u3011.\" \/>\n<meta property=\"og:url\" content=\"https:\/\/www.jsart.website\/\" \/>\n<meta property=\"article:modified_time\" content=\"2020-05-30T10:28:07+00:00\" \/>\n<meta property=\"og:image\" content=\"https:\/\/www.jsart.website\/wp-content\/uploads\/2020\/05\/detalle-de-mano-de-virgen-2048x1361.jpg\" \/>\n<meta name=\"twitter:card\" content=\"summary_large_image\" \/>\n<script type=\"application\/ld+json\" class=\"yoast-schema-graph\">{\"@context\":\"https:\/\/schema.org\",\"@graph\":[{\"@type\":\"Organization\",\"@id\":\"https:\/\/www.jsart.website\/#organization\",\"name\":\"JS art\",\"url\":\"https:\/\/www.jsart.website\/\",\"sameAs\":[],\"logo\":{\"@type\":\"ImageObject\",\"@id\":\"https:\/\/www.jsart.website\/#logo\",\"inLanguage\":\"es\",\"url\":\"https:\/\/www.jsart.website\/wp-content\/uploads\/2020\/05\/LOGO-JOSE-mostaza-02.png\",\"width\":3509,\"height\":2481,\"caption\":\"JS art\"},\"image\":{\"@id\":\"https:\/\/www.jsart.website\/#logo\"}},{\"@type\":\"WebSite\",\"@id\":\"https:\/\/www.jsart.website\/#website\",\"url\":\"https:\/\/www.jsart.website\/\",\"name\":\"\",\"description\":\"Galer&iacute;a de obras de arte antiguo en Madrid JS art\",\"publisher\":{\"@id\":\"https:\/\/www.jsart.website\/#organization\"},\"potentialAction\":[{\"@type\":\"SearchAction\",\"target\":\"https:\/\/www.jsart.website\/?s={search_term_string}\",\"query-input\":\"required name=search_term_string\"}],\"inLanguage\":\"es\"},{\"@type\":\"ImageObject\",\"@id\":\"https:\/\/www.jsart.website\/#primaryimage\",\"inLanguage\":\"es\",\"url\":\"https:\/\/www.jsart.website\/wp-content\/uploads\/2020\/05\/detalle-de-mano-de-virgen-2048x1361.jpg\"},{\"@type\":\"WebPage\",\"@id\":\"https:\/\/www.jsart.website\/#webpage\",\"url\":\"https:\/\/www.jsart.website\/\",\"name\":\"JS art \\u3010Galer\\u00eda de obras de arte\\u3011\",\"isPartOf\":{\"@id\":\"https:\/\/www.jsart.website\/#website\"},\"primaryImageOfPage\":{\"@id\":\"https:\/\/www.jsart.website\/#primaryimage\"},\"datePublished\":\"2020-05-02T19:46:36+00:00\",\"dateModified\":\"2020-05-30T10:28:07+00:00\",\"description\":\"Galer\\u00eda de arte antiguo centrada en el hallazgo, adquisici\\u00f3n y comercializaci\\u00f3n de obras de arte. JS art, anticuario establecido en Madrid, \\u3010Espa\\u00f1a\\u3011.\",\"inLanguage\":\"es\",\"potentialAction\":[{\"@type\":\"ReadAction\",\"target\":[\"https:\/\/www.jsart.website\/\"]}]}]}<\/script>\n<!-- \/ Yoast SEO plugin. -->","_links":{"self":[{"href":"https:\/\/www.jsart.website\/index.php\/wp-json\/wp\/v2\/pages\/41"}],"collection":[{"href":"https:\/\/www.jsart.website\/index.php\/wp-json\/wp\/v2\/pages"}],"about":[{"href":"https:\/\/www.jsart.website\/index.php\/wp-json\/wp\/v2\/types\/page"}],"author":[{"embeddable":true,"href":"https:\/\/www.jsart.website\/index.php\/wp-json\/wp\/v2\/users\/1"}],"replies":[{"embeddable":true,"href":"https:\/\/www.jsart.website\/index.php\/wp-json\/wp\/v2\/comments?post=41"}],"version-history":[{"count":88,"href":"https:\/\/www.jsart.website\/index.php\/wp-json\/wp\/v2\/pages\/41\/revisions"}],"predecessor-version":[{"id":548,"href":"https:\/\/www.jsart.website\/index.php\/wp-json\/wp\/v2\/pages\/41\/revisions\/548"}],"wp:attachment":[{"href":"https:\/\/www.jsart.website\/index.php\/wp-json\/wp\/v2\/media?parent=41"}],"curies":[{"name":"wp","href":"https:\/\/api.w.org\/{rel}","templated":true}]}}